{"id":1606,"date":"2018-12-02T17:43:54","date_gmt":"2018-12-02T15:43:54","guid":{"rendered":"https:\/\/blog.dropingame.com\/?page_id=1606"},"modified":"2019-10-30T02:25:40","modified_gmt":"2019-10-30T00:25:40","slug":"guides-bien-pratiques","status":"publish","type":"page","link":"https:\/\/www.dropingame.com\/blog\/index.php\/guides-bien-pratiques\/","title":{"rendered":"Guides bien pratiques"},"content":{"rendered":"<p>[et_pb_section fb_built=\u00a0\u00bb1&Prime; _builder_version=\u00a0\u00bb3.17.6&Prime; background_color=\u00a0\u00bbrgba(255,255,255,0)\u00a0\u00bb custom_padding=\u00a0\u00bb54px|0px|54px|0px|false|false\u00a0\u00bb][et_pb_row _builder_version=\u00a0\u00bb3.17.6&Prime;][et_pb_column type=\u00a0\u00bb4_4&Prime; _builder_version=\u00a0\u00bb3.0.47&Prime; parallax=\u00a0\u00bboff\u00a0\u00bb parallax_method=\u00a0\u00bbon\u00a0\u00bb][et_pb_text _builder_version=\u00a0\u00bb3.17.6&Prime;]<\/p>\n<h1 style=\"text-align: center;\">Trouve ici des guides bien pratiques pour les gamers<\/h1>\n<p>[\/et_pb_text][et_pb_text _builder_version=\u00a0\u00bb3.17.6&Prime;]<\/p>\n<p style=\"text-align: center;\">DropinGame.com facilite la recherche de bons co\u00e9quipiers sur les jeux en ligne, mais pas seulement !<br \/>Nous proposons \u00e9galement du contenu utile pour les gamers, Discord et les communaut\u00e9s sur les jeux en ligne.<br \/>Pour plus de FUN, de VICTOIRES et de TEAMPLAY !<\/p>\n<p>[\/et_pb_text][et_pb_button button_url=\u00a0\u00bbhttps:\/\/www.dropingame.com\/fr\/\u00a0\u00bb button_text=\u00a0\u00bbTrouve tes co\u00e9quipiers !\u00a0\u00bb button_alignment=\u00a0\u00bbcenter\u00a0\u00bb _builder_version=\u00a0\u00bb3.17.6&Prime;][\/et_pb_button][\/et_pb_column][\/et_pb_row][\/et_pb_section][et_pb_section fb_built=\u00a0\u00bb1&Prime; _builder_version=\u00a0\u00bb3.17.6&Prime; background_color=\u00a0\u00bb#16151F\u00a0\u00bb custom_padding=\u00a0\u00bb72px|0px|4px|0px|false|false\u00a0\u00bb][et_pb_row make_fullwidth=\u00a0\u00bbon\u00a0\u00bb _builder_version=\u00a0\u00bb3.17.6&Prime;][et_pb_column type=\u00a0\u00bb4_4&Prime; _builder_version=\u00a0\u00bb3.0.47&Prime; parallax=\u00a0\u00bboff\u00a0\u00bb parallax_method=\u00a0\u00bbon\u00a0\u00bb][et_pb_blog fullwidth=\u00a0\u00bboff\u00a0\u00bb posts_number=\u00a0\u00bb50&Prime; include_categories=\u00a0\u00bb7&Prime; show_categories=\u00a0\u00bboff\u00a0\u00bb show_pagination=\u00a0\u00bboff\u00a0\u00bb use_overlay=\u00a0\u00bbon\u00a0\u00bb overlay_icon_color=\u00a0\u00bbrgba(0,0,0,0)\u00a0\u00bb hover_overlay_color=\u00a0\u00bbrgba(255,197,99,0.35)\u00a0\u00bb masonry_tile_background_color=\u00a0\u00bb#2f2e3c\u00a0\u00bb _builder_version=\u00a0\u00bb3.17.6&Prime; pagination_font=\u00a0\u00bb||||||||\u00a0\u00bb border_radii=\u00a0\u00bbon|3px|3px|3px|3px\u00a0\u00bb border_color_all=\u00a0\u00bb#474747&Prime; box_shadow_style=\u00a0\u00bbpreset1&Prime;][\/et_pb_blog][\/et_pb_column][\/et_pb_row][\/et_pb_section][et_pb_section fb_built=\u00a0\u00bb1&Prime; _builder_version=\u00a0\u00bb3.17.6&Prime; background_color=\u00a0\u00bb#000000&Prime; background_image=\u00a0\u00bbhttps:\/\/www.dropingame.com\/blog\/wp-content\/uploads\/2019\/10\/bg-ban.jpg\u00a0\u00bb global_module=\u00a0\u00bb2528&Prime;][et_pb_row _builder_version=\u00a0\u00bb3.17.6&Prime;][et_pb_column type=\u00a0\u00bb4_4&Prime; _builder_version=\u00a0\u00bb3.17.6&Prime; parallax=\u00a0\u00bboff\u00a0\u00bb parallax_method=\u00a0\u00bbon\u00a0\u00bb][et_pb_text _builder_version=\u00a0\u00bb3.17.6&Prime; text_font=\u00a0\u00bb||||||||\u00a0\u00bb text_font_size=\u00a0\u00bb42px\u00a0\u00bb text_text_shadow_style=\u00a0\u00bbpreset1&Prime; header_font=\u00a0\u00bb||||||||\u00a0\u00bb header_font_size=\u00a0\u00bb42px\u00a0\u00bb text_orientation=\u00a0\u00bbcenter\u00a0\u00bb animation_style=\u00a0\u00bbfade\u00a0\u00bb]<\/p>\n<h1>Am\u00e9liore ta cha\u00eene Twitch en 13 jours<\/h1>\n<p>[\/et_pb_text][et_pb_text _builder_version=\u00a0\u00bb3.17.6&Prime; text_font=\u00a0\u00bb||||||||\u00a0\u00bb text_font_size=\u00a0\u00bb42px\u00a0\u00bb text_text_shadow_style=\u00a0\u00bbpreset1&Prime; header_font=\u00a0\u00bb||||||||\u00a0\u00bb header_font_size=\u00a0\u00bb42px\u00a0\u00bb header_2_font=\u00a0\u00bb||||||||\u00a0\u00bb header_2_font_size=\u00a0\u00bb24px\u00a0\u00bb text_orientation=\u00a0\u00bbcenter\u00a0\u00bb animation_style=\u00a0\u00bbfade\u00a0\u00bb animation_delay=\u00a0\u00bb50ms\u00a0\u00bb]<\/p>\n<h2>Un guide complet pour r\u00e9ussir sur Twitch pour les streamers VRAIMENT MOTIV\u00c9S pr\u00eat \u00e0 s\u2019investir pour am\u00e9liorer leur cha\u00eene !<\/h2>\n<p>[\/et_pb_text][et_pb_button button_url=\u00a0\u00bbhttps:\/\/www.dropingame.com\/blog\/index.php\/guide-du-streamer-pour-reussir-sur-twitch\/\u00a0\u00bb button_text=\u00a0\u00bbVoir le guide des streamers\u00a0\u00bb button_alignment=\u00a0\u00bbcenter\u00a0\u00bb _builder_version=\u00a0\u00bb3.17.6&Prime; animation_style=\u00a0\u00bbroll\u00a0\u00bb][\/et_pb_button][\/et_pb_column][\/et_pb_row][\/et_pb_section]<\/p>\n","protected":false},"excerpt":{"rendered":"<p>Trouve ici des guides bien pratiques pour les gamers DropinGame.com facilite la recherche de bons co\u00e9quipiers sur les jeux en ligne, mais pas seulement !Nous proposons \u00e9galement du contenu utile pour les gamers, Discord et les communaut\u00e9s sur les jeux en ligne.Pour plus de FUN, de VICTOIRES et de TEAMPLAY ! Am\u00e9liore ta cha\u00eene Twitch [&hellip;]<\/p>\n","protected":false},"author":5,"featured_media":0,"parent":0,"menu_order":0,"comment_status":"closed","ping_status":"closed","template":"","meta":{"_et_pb_use_builder":"on","_et_pb_old_content":"","_et_gb_content_width":""},"aioseo_notices":[],"_links":{"self":[{"href":"https:\/\/www.dropingame.com\/blog\/index.php\/wp-json\/wp\/v2\/pages\/1606"}],"collection":[{"href":"https:\/\/www.dropingame.com\/blog\/index.php\/wp-json\/wp\/v2\/pages"}],"about":[{"href":"https:\/\/www.dropingame.com\/blog\/index.php\/wp-json\/wp\/v2\/types\/page"}],"author":[{"embeddable":true,"href":"https:\/\/www.dropingame.com\/blog\/index.php\/wp-json\/wp\/v2\/users\/5"}],"replies":[{"embeddable":true,"href":"https:\/\/www.dropingame.com\/blog\/index.php\/wp-json\/wp\/v2\/comments?post=1606"}],"version-history":[{"count":10,"href":"https:\/\/www.dropingame.com\/blog\/index.php\/wp-json\/wp\/v2\/pages\/1606\/revisions"}],"predecessor-version":[{"id":2531,"href":"https:\/\/www.dropingame.com\/blog\/index.php\/wp-json\/wp\/v2\/pages\/1606\/revisions\/2531"}],"wp:attachment":[{"href":"https:\/\/www.dropingame.com\/blog\/index.php\/wp-json\/wp\/v2\/media?parent=1606"}],"curies":[{"name":"wp","href":"https:\/\/api.w.org\/{rel}","templated":true}]}}