{"id":1644,"date":"2018-12-02T18:59:11","date_gmt":"2018-12-02T16:59:11","guid":{"rendered":"https:\/\/blog.dropingame.com\/?page_id=1644"},"modified":"2020-11-11T10:41:07","modified_gmt":"2020-11-11T08:41:07","slug":"les-meilleurs-serveurs-discord-fr-pour-trouver-des-joueurs","status":"publish","type":"page","link":"https:\/\/www.dropingame.com\/blog\/index.php\/les-meilleurs-serveurs-discord-fr-pour-trouver-des-joueurs\/","title":{"rendered":"Les meilleurs serveurs Discord FR pour trouver des joueurs"},"content":{"rendered":"<p>[et_pb_section fb_built=\u00a0\u00bb1&Prime; _builder_version=\u00a0\u00bb4.2.2&Prime; background_color=\u00a0\u00bbrgba(255,255,255,0)\u00a0\u00bb background_image=\u00a0\u00bbhttps:\/\/www.dropingame.com\/blog\/wp-content\/uploads\/2018\/12\/background.jpg\u00a0\u00bb custom_padding=\u00a0\u00bb54px|0px|54px|0px|false|false\u00a0\u00bb][et_pb_row _builder_version=\u00a0\u00bb3.25&Prime;][et_pb_column type=\u00a0\u00bb4_4&Prime; _builder_version=\u00a0\u00bb3.25&Prime; custom_padding=\u00a0\u00bb|||\u00a0\u00bb custom_padding__hover=\u00a0\u00bb|||\u00a0\u00bb][et_pb_text _builder_version=\u00a0\u00bb3.27.4&Prime;]<\/p>\n<h1 style=\"text-align: center;\">Trouve les meilleurs serveurs Discord FR<br \/> pour les joueurs fran\u00e7ais<\/h1>\n<p>[\/et_pb_text][et_pb_text _builder_version=\u00a0\u00bb3.27.4&Prime;]<\/p>\n<p style=\"text-align: center;\">DropinGame.com facilite la recherche de bons co\u00e9quipiers sur les jeux en ligne<br \/> gr\u00e2ce \u00e0 ses listes de joueurs et de communaut\u00e9s, mais pas seulement !<br \/> <strong>Nous mettons en avant les bons serveurs discord francophones cr\u00e9\u00e9s par les joueurs.<\/strong><br \/> Pour plus de FUN, de VICTOIRES et de TEAMPLAY !<\/p>\n<p>[\/et_pb_text][et_pb_image src=\u00a0\u00bbhttps:\/\/blog.dropingame.com\/wp-content\/uploads\/2017\/10\/discord.png\u00a0\u00bb align=\u00a0\u00bbcenter\u00a0\u00bb align_tablet=\u00a0\u00bbcenter\u00a0\u00bb align_phone=\u00a0\u00bb\u00a0\u00bb align_last_edited=\u00a0\u00bbon|desktop\u00a0\u00bb _builder_version=\u00a0\u00bb3.23&Prime;][\/et_pb_image][et_pb_button button_url=\u00a0\u00bbhttps:\/\/www.dropingame.com\/fr\/community\/\u00a0\u00bb button_text=\u00a0\u00bbTrouver les meilleurs serveurs discord\u00a0\u00bb button_alignment=\u00a0\u00bbcenter\u00a0\u00bb _builder_version=\u00a0\u00bb4.5.6&Prime; hover_enabled=\u00a0\u00bb0&Prime;][\/et_pb_button][\/et_pb_column][\/et_pb_row][\/et_pb_section][et_pb_section fb_built=\u00a0\u00bb1&Prime; _builder_version=\u00a0\u00bb3.22&Prime; background_color=\u00a0\u00bb#16151F\u00a0\u00bb custom_padding=\u00a0\u00bb72px|0px|16px|0px|false|false\u00a0\u00bb][et_pb_row module_class=\u00a0\u00bb et_pb_row_fullwidth\u00a0\u00bb _builder_version=\u00a0\u00bb3.25&Prime; width=\u00a0\u00bb89%\u00a0\u00bb width_tablet=\u00a0\u00bb80%\u00a0\u00bb width_phone=\u00a0\u00bb\u00a0\u00bb width_last_edited=\u00a0\u00bbon|desktop\u00a0\u00bb max_width=\u00a0\u00bb89%\u00a0\u00bb max_width_tablet=\u00a0\u00bb80%\u00a0\u00bb max_width_phone=\u00a0\u00bb\u00a0\u00bb max_width_last_edited=\u00a0\u00bbon|desktop\u00a0\u00bb make_fullwidth=\u00a0\u00bbon\u00a0\u00bb][et_pb_column type=\u00a0\u00bb4_4&Prime; _builder_version=\u00a0\u00bb3.25&Prime; custom_padding=\u00a0\u00bb|||\u00a0\u00bb custom_padding__hover=\u00a0\u00bb|||\u00a0\u00bb][et_pb_blog fullwidth=\u00a0\u00bboff\u00a0\u00bb include_categories=\u00a0\u00bb36&Prime; show_categories=\u00a0\u00bboff\u00a0\u00bb show_pagination=\u00a0\u00bboff\u00a0\u00bb use_overlay=\u00a0\u00bbon\u00a0\u00bb overlay_icon_color=\u00a0\u00bbrgba(0,0,0,0)\u00a0\u00bb hover_overlay_color=\u00a0\u00bbrgba(255,197,99,0.35)\u00a0\u00bb masonry_tile_background_color=\u00a0\u00bb#2f2e3c\u00a0\u00bb _builder_version=\u00a0\u00bb3.17.6&Prime; pagination_font=\u00a0\u00bb||||||||\u00a0\u00bb border_radii=\u00a0\u00bbon|3px|3px|3px|3px\u00a0\u00bb border_color_all=\u00a0\u00bb#474747&Prime; box_shadow_style=\u00a0\u00bbpreset1&Prime;][\/et_pb_blog][\/et_pb_column][\/et_pb_row][\/et_pb_section][et_pb_section fb_built=\u00a0\u00bb1&Prime; _builder_version=\u00a0\u00bb4.0.4&Prime; background_color=\u00a0\u00bb#000000&Prime; background_image=\u00a0\u00bbhttps:\/\/www.dropingame.com\/blog\/wp-content\/uploads\/2019\/10\/bg-ban.jpg\u00a0\u00bb link_option_url=\u00a0\u00bbhttps:\/\/www.dropingame.com\/blog\/index.php\/2019\/11\/20\/guide-du-streamer-pour-reussir-sur-twitch\/\u00a0\u00bb global_module=\u00a0\u00bb2528&Prime; saved_tabs=\u00a0\u00bball\u00a0\u00bb][et_pb_row _builder_version=\u00a0\u00bb3.25&Prime;][et_pb_column type=\u00a0\u00bb4_4&Prime; _builder_version=\u00a0\u00bb3.25&Prime; custom_padding=\u00a0\u00bb|||\u00a0\u00bb custom_padding__hover=\u00a0\u00bb|||\u00a0\u00bb][et_pb_text _builder_version=\u00a0\u00bb3.27.4&Prime; text_font=\u00a0\u00bb||||||||\u00a0\u00bb text_font_size=\u00a0\u00bb42px\u00a0\u00bb header_font=\u00a0\u00bb||||||||\u00a0\u00bb header_font_size=\u00a0\u00bb42px\u00a0\u00bb text_orientation=\u00a0\u00bbcenter\u00a0\u00bb animation_style=\u00a0\u00bbfade\u00a0\u00bb text_text_shadow_style=\u00a0\u00bbpreset1&Prime;]<\/p>\n<h1>Am\u00e9liore ta cha\u00eene Twitch en 13 jours<\/h1>\n<p>[\/et_pb_text][et_pb_text _builder_version=\u00a0\u00bb3.27.4&Prime; text_font=\u00a0\u00bb||||||||\u00a0\u00bb text_font_size=\u00a0\u00bb42px\u00a0\u00bb header_font=\u00a0\u00bb||||||||\u00a0\u00bb header_font_size=\u00a0\u00bb42px\u00a0\u00bb header_2_font=\u00a0\u00bb||||||||\u00a0\u00bb header_2_font_size=\u00a0\u00bb24px\u00a0\u00bb text_orientation=\u00a0\u00bbcenter\u00a0\u00bb animation_style=\u00a0\u00bbfade\u00a0\u00bb animation_delay=\u00a0\u00bb50ms\u00a0\u00bb text_text_shadow_style=\u00a0\u00bbpreset1&Prime;]<\/p>\n<h2>Un guide complet pour r\u00e9ussir sur Twitch pour les streamers VRAIMENT MOTIV\u00c9S pr\u00eat \u00e0 s\u2019investir pour am\u00e9liorer leur cha\u00eene !<\/h2>\n<p>[\/et_pb_text][et_pb_button button_url=\u00a0\u00bbhttps:\/\/www.dropingame.com\/blog\/index.php\/2019\/11\/20\/guide-du-streamer-pour-reussir-sur-twitch\/\u00a0\u00bb button_text=\u00a0\u00bbVoir le guide des streamers\u00a0\u00bb button_alignment=\u00a0\u00bbcenter\u00a0\u00bb _builder_version=\u00a0\u00bb4.0.4&Prime; animation_style=\u00a0\u00bbroll\u00a0\u00bb][\/et_pb_button][\/et_pb_column][\/et_pb_row][\/et_pb_section]<\/p>\n","protected":false},"excerpt":{"rendered":"<p>Trouve les meilleurs serveurs Discord FR pour les joueurs fran\u00e7aisDropinGame.com facilite la recherche de bons co\u00e9quipiers sur les jeux en ligne gr\u00e2ce \u00e0 ses listes de joueurs et de communaut\u00e9s, mais pas seulement ! Nous mettons en avant les bons serveurs discord francophones cr\u00e9\u00e9s par les joueurs. Pour plus de FUN, de VICTOIRES et de [&hellip;]<\/p>\n","protected":false},"author":5,"featured_media":0,"parent":0,"menu_order":0,"comment_status":"closed","ping_status":"closed","template":"","meta":{"_et_pb_use_builder":"on","_et_pb_old_content":"","_et_gb_content_width":""},"aioseo_notices":[],"_links":{"self":[{"href":"https:\/\/www.dropingame.com\/blog\/index.php\/wp-json\/wp\/v2\/pages\/1644"}],"collection":[{"href":"https:\/\/www.dropingame.com\/blog\/index.php\/wp-json\/wp\/v2\/pages"}],"about":[{"href":"https:\/\/www.dropingame.com\/blog\/index.php\/wp-json\/wp\/v2\/types\/page"}],"author":[{"embeddable":true,"href":"https:\/\/www.dropingame.com\/blog\/index.php\/wp-json\/wp\/v2\/users\/5"}],"replies":[{"embeddable":true,"href":"https:\/\/www.dropingame.com\/blog\/index.php\/wp-json\/wp\/v2\/comments?post=1644"}],"version-history":[{"count":9,"href":"https:\/\/www.dropingame.com\/blog\/index.php\/wp-json\/wp\/v2\/pages\/1644\/revisions"}],"predecessor-version":[{"id":3390,"href":"https:\/\/www.dropingame.com\/blog\/index.php\/wp-json\/wp\/v2\/pages\/1644\/revisions\/3390"}],"wp:attachment":[{"href":"https:\/\/www.dropingame.com\/blog\/index.php\/wp-json\/wp\/v2\/media?parent=1644"}],"curies":[{"name":"wp","href":"https:\/\/api.w.org\/{rel}","templated":true}]}}